{"id":397,"date":"2015-10-02T09:38:08","date_gmt":"2015-10-02T08:38:08","guid":{"rendered":"http:\/\/velbor.es\/?page_id=397&#038;lang=fr"},"modified":"2015-10-02T09:42:51","modified_gmt":"2015-10-02T08:42:51","slug":"histoire","status":"publish","type":"page","link":"https:\/\/velbor.es\/fr\/histoire\/","title":{"rendered":"HISTOIRE"},"content":{"rendered":"<p class=\"p1\"><a href=\"http:\/\/velbor.es\/wp-content\/uploads\/2015\/07\/DSC8401.jpg\"><img loading=\"lazy\" decoding=\"async\" class=\"wp-image-248 size-large aligncenter\" src=\"http:\/\/velbor.es\/wp-content\/uploads\/2015\/07\/DSC8401-1024x683.jpg\" alt=\"_DSC8401\" width=\"1024\" height=\"683\" srcset=\"https:\/\/velbor.es\/wp-content\/uploads\/2015\/07\/DSC8401-1024x683.jpg 1024w, https:\/\/velbor.es\/wp-content\/uploads\/2015\/07\/DSC8401-300x200.jpg 300w\" sizes=\"(max-width: 1024px) 100vw, 1024px\" \/><\/a><\/p>\n<p class=\"p1\">Velbor fue fundada en 1996 y lleva operando en el sector del bordado cerca de 20 a\u00f1os.<\/p>\n<p class=\"p1\">La experiencia y profesionalidad de su equipo han permitido que Velbor sea una de las empresas l\u00edderes en el \u00e1mbito del bordado nacional.<\/p>\n<p class=\"p1\">Gracias a la constante inversi\u00f3n en maquinaria de \u00faltima generaci\u00f3n durante los \u00faltimos a\u00f1os, ha aumentado su productividad para poder satisfacer la\u00a0demanda de sus clientes, ofreciendo una amplia gama de art\u00edculos y l\u00edneas productivas<\/p>\n","protected":false},"excerpt":{"rendered":"<p>Velbor fue fundada en 1996 y lleva operando en el sector del bordado cerca de 20 a\u00f1os. La experiencia y profesionalidad de su equipo han permitido que Velbor sea una de las empresas l\u00edderes en el \u00e1mbito del bordado nacional. Gracias a la constante inversi\u00f3n en maquinaria de \u00faltima generaci\u00f3n durante los \u00faltimos a\u00f1os, ha [&hellip;]<\/p>\n","protected":false},"author":4,"featured_media":0,"parent":0,"menu_order":0,"comment_status":"closed","ping_status":"closed","template":"page-full-width.php","meta":{"ngg_post_thumbnail":0,"footnotes":""},"_links":{"self":[{"href":"https:\/\/velbor.es\/fr\/wp-json\/wp\/v2\/pages\/397"}],"collection":[{"href":"https:\/\/velbor.es\/fr\/wp-json\/wp\/v2\/pages"}],"about":[{"href":"https:\/\/velbor.es\/fr\/wp-json\/wp\/v2\/types\/page"}],"author":[{"embeddable":true,"href":"https:\/\/velbor.es\/fr\/wp-json\/wp\/v2\/users\/4"}],"replies":[{"embeddable":true,"href":"https:\/\/velbor.es\/fr\/wp-json\/wp\/v2\/comments?post=397"}],"version-history":[{"count":2,"href":"https:\/\/velbor.es\/fr\/wp-json\/wp\/v2\/pages\/397\/revisions"}],"predecessor-version":[{"id":405,"href":"https:\/\/velbor.es\/fr\/wp-json\/wp\/v2\/pages\/397\/revisions\/405"}],"wp:attachment":[{"href":"https:\/\/velbor.es\/fr\/wp-json\/wp\/v2\/media?parent=397"}],"curies":[{"name":"wp","href":"https:\/\/api.w.org\/{rel}","templated":true}]}}